{"id":7972,"date":"2024-04-09T06:15:24","date_gmt":"2024-04-09T04:15:24","guid":{"rendered":"https:\/\/www.biogaiagroup.com\/hallbarhet\/samhallsengagemang\/panzi-hospital"},"modified":"2025-04-10T20:12:46","modified_gmt":"2025-04-10T18:12:46","slug":"panzi-hospital","status":"publish","type":"page","link":"https:\/\/www.biogaiagroup.com\/sv\/hallbarhet\/samhallsengagemang\/panzi-hospital","title":{"rendered":"Panzi hospital"},"content":{"rendered":"<section\n\tid=\"hero-block_955ed7d90a8a424969e028e484539abd\"\n\tclass=\"block hero hero--large block\"\n\t\t\tstyle=\"background: url(https:\/\/www.biogaiagroup.com\/wp-content\/uploads\/2024\/04\/childrens-mission-philippines-e1712641449961.png)  no-repeat center center \/ cover;\"\n\t>\n\t\n\t\t\t<div class=\"hero__background-overlay hero__background-overlay--dark\"><\/div>\n\t\n\t<div class=\"container\">\n\t\t<div class=\"editor-content hero__text hero__text--default\"><h1 style=\"text-align: center;\"><span style=\"color: #ffffff;\">Panzi hospital<\/span><\/h1>\n<\/div>\t<\/div>\n<\/section>\n\n<section id=\"breadcrumbs-block_0ea8f5f69a804e7681e86c20ca05e2d8\" class=\"block breadcrumbs \">\n\t<div class=\"container\">\n\t\t<nav  aria-label=\"synlig s\u00f6kv\u00e4g\"><ol class=\"breadcrumb\" itemscope itemtype=\"https:\/\/schema.org\/BreadcrumbList\"><li class=\"breadcrumb-item active\" aria-current=\"page\" itemprop=\"itemListElement\" itemscope itemtype=\"https:\/\/schema.org\/ListItem\"><span itemprop=\"name\">Start<\/span><meta itemprop=\"position\" content=\"1\"><\/li><\/ol><\/nav>\t<\/div>\n<\/section>\n\n<section id=\"text-content-block_7dbc733631d734a9ed691ac7e06f1e44\" class=\"block text-content  block__pt--large block__pb--large block__bg--white\">\n\t<div class=\"container container--half\">\n\t\t<div class=\"row\">\n\t\t\t<div class=\"row__col row__col--12 row__col--md-8 row__col--lg-6\">\n\t\t\t\t<div class=\"editor-content content\"><h2>Friends of Panzi<\/h2>\n<p class=\"extra-large\">Genom organisationen\u00a0<a href=\"https:\/\/friendsofpanzi.se\/\" target=\"_blank\" rel=\"noopener\">Friends of Panzi<\/a> st\u00f6djer BioGaia doktor Denis Mukwege och hans viktiga arbete vid Panzisjukhuset i demokratiska republiken Kongo. Friends of Panzi \u00e4r en obunden, ideell f\u00f6rening som i b\u00f6rjan p\u00e5 2018 bildades p\u00e5 initiativ av BioGaias medgrundare och Styrelseordf\u00f6rande Peter Rothschild.<\/p>\n<\/div>\t\t\t<\/div>\n\t\t\t\t\t<\/div>\n\t<\/div>\n<\/section>\n\n<section id=\"image-and-text-block_46d7ae3484d6adb2b78b555292ad5d1f\" class=\"block image-and-text image-and-text--image-right image-and-text--bg-light-blue  block__pt--none block__pb--none\">\n\t<div class=\"container container--collapsed\">\n\t\t<div class=\"row row--stretch\">\n\t\t\t<div class=\"row__col row__col--12 row__col--md-6 img-col\">\n\t\t\t\t<div\n\t\t\t\t\tclass=\"image-wrapper\"\n\t\t\t\t\t\t\t\t\t\t\tstyle=\"background-image: url(https:\/\/www.biogaiagroup.com\/wp-content\/uploads\/2024\/04\/dr-denis-mukwege2-e1712643279741.jpeg);\"\n\t\t\t\t\t\t\t\t\t>\n\t\t\t\t\t\t\t\t\t<\/div>\n\t\t\t<\/div>\n\t\t\t<div class=\"row__col row__col--12 row__col--md-6\">\n\t\t\t\t<div class=\"content-wrapper\">\n\t\t\t\t\t<div class=\"editor-content content\"><h3>Dr. Denis Mukwege<\/h3>\n<p>Doktor Denis Mukwege, chefsl\u00e4kare, \u00e4r kirurgen, gynekologen och kvinnor\u00e4ttsaktivisten som grundade Panzi-sjukhuset i Bukavu i Kongo. Sedan 1999 har han och hans medarbetare tagit hand om fler \u00e4n 50 000 v\u00e5ldtagna kvinnor och barn, b\u00e5de med de fysiska s\u00e5ren och med att skapa en ny framtid. P\u00e5 Panzi erbjuds \u00e4ven f\u00f6rlossningar, familje\u00adplanering och sjukv\u00e5rd. Till exempel r\u00e4ddar man dagligen livet p\u00e5 f\u00f6r tidigt f\u00f6dda och undern\u00e4rda barn.<\/p>\n<p>Dr. Mukwege tilldelades 2018 Nobels fredspris tillsammans med Nadia Murad.<\/p>\n<\/div>\t\t\t\t<\/div>\n\t\t\t<\/div>\n\t\t<\/div>\n\t<\/div>\n<\/section>\n\n<section id=\"text-content-block_0625b904d31a3ac734db58562f5cefd4\" class=\"block text-content  block__pt--extra-large block__pb--none block__bg--white\">\n\t<div class=\"container container--regular\">\n\t\t<div class=\"row\">\n\t\t\t<div class=\"row__col row__col--12\">\n\t\t\t\t<div class=\"editor-content content\"><h2 class=\"h3\">Relaterat inneh\u00e5ll<\/h2>\n<\/div>\t\t\t<\/div>\n\t\t\t\t\t<\/div>\n\t<\/div>\n<\/section>\n\n<section id=\"link-cards-block_999a25dc94881076dd183db1afe7a1b7\" class=\"block link-cards  block__pt--small block__pb--extra-large block__bg--white\">\n\t<div class=\"container\">\n\t\t\t\t\t<div class=\"row row--stretch\">\n\t\t\t\t\t\t\t\t\t\t\t\t\t\t<div class=\"row__col row__col--12 row__col--md-6 row__col--xl-4\">\n\t\t\t\t\t\t\t\t\t\t\t\t\t<div class=\"card card--large\">\n\t\t\t\t\t\t\t\t\t\t\t\t\t\t\t\t\t<figure class=\"card__image\">\n\t\t\t\t\t\t\t\t\t\t<img loading=\"lazy\" decoding=\"async\" width=\"424\" height=\"282\" src=\"https:\/\/www.biogaiagroup.com\/wp-content\/uploads\/2024\/06\/SID-51-81-himmel-shutterstock_1682155258_sustainability-424x282.jpg\" class=\"attachment-link-card-large size-link-card-large\" alt=\"\" srcset=\"https:\/\/www.biogaiagroup.com\/wp-content\/uploads\/2024\/06\/SID-51-81-himmel-shutterstock_1682155258_sustainability-424x282.jpg 424w, https:\/\/www.biogaiagroup.com\/wp-content\/uploads\/2024\/06\/SID-51-81-himmel-shutterstock_1682155258_sustainability-1536x1022.jpg 1536w, https:\/\/www.biogaiagroup.com\/wp-content\/uploads\/2024\/06\/SID-51-81-himmel-shutterstock_1682155258_sustainability-2048x1363.jpg 2048w, https:\/\/www.biogaiagroup.com\/wp-content\/uploads\/2024\/06\/SID-51-81-himmel-shutterstock_1682155258_sustainability-308x205.jpg 308w, https:\/\/www.biogaiagroup.com\/wp-content\/uploads\/2024\/06\/SID-51-81-himmel-shutterstock_1682155258_sustainability-344x229.jpg 344w, https:\/\/www.biogaiagroup.com\/wp-content\/uploads\/2024\/06\/SID-51-81-himmel-shutterstock_1682155258_sustainability-188x125.jpg 188w, https:\/\/www.biogaiagroup.com\/wp-content\/uploads\/2024\/06\/SID-51-81-himmel-shutterstock_1682155258_sustainability-480x319.jpg 480w, https:\/\/www.biogaiagroup.com\/wp-content\/uploads\/2024\/06\/SID-51-81-himmel-shutterstock_1682155258_sustainability-1355x902.jpg 1355w\" sizes=\"auto, (max-width: 424px) 100vw, 424px\" \/>\t\t\t\t\t\t\t\t\t<\/figure>\n\t\t\t\t\t\t\t\t\t\t\t\t\t\t\t\t<div class=\"card__content\">\n                                    <a class=\"card__link\" href=\"https:\/\/www.biogaiagroup.com\/sv\/hallbarhet\/samhallsengagemang\/stiftelsen-for-att-forebygga-antibiotikaresistens\">\n                                        <h2 class=\"card__title h5\">Stiftelsen f\u00f6r att f\u00f6rebygga antibiotikaresistens<\/h2>                                    <\/a>\n                                    <span class=\"card__arrow\">\n\t\t\t\t\t\t\t\t\t\t<i class=\"fa-regular fa-angle-right\"><\/i>\n\t\t\t\t\t\t\t\t\t<\/span>\n\t\t\t\t\t\t\t\t\t<div class=\"card__text\"><p>BioGaia grundade 2017 Stiftelsen f\u00f6r att f\u00f6rebygga antibiotikaresistens, en oberoende stiftelse med syfte att f\u00f6rebygga antibiotikaresistens.<\/p>\n<\/div>\t\t\t\t\t\t\t\t<\/div>\n\t\t\t\t\t\t\t<\/div>\n\t\t\t\t\t\t\t\t\t\t\t<\/div>\n\t\t\t\t\t\t\t\t\t\t\t\t\t\t<div class=\"row__col row__col--12 row__col--md-6 row__col--xl-4\">\n\t\t\t\t\t\t\t\t\t\t\t\t\t<div class=\"card card--large\">\n\t\t\t\t\t\t\t\t\t\t\t\t\t\t\t\t\t<figure class=\"card__image\">\n\t\t\t\t\t\t\t\t\t\t<img loading=\"lazy\" decoding=\"async\" width=\"424\" height=\"322\" src=\"https:\/\/www.biogaiagroup.com\/wp-content\/uploads\/2024\/04\/childrens-missions3-424x322.jpg\" class=\"attachment-link-card-large size-link-card-large\" alt=\"\" srcset=\"https:\/\/www.biogaiagroup.com\/wp-content\/uploads\/2024\/04\/childrens-missions3-424x322.jpg 424w, https:\/\/www.biogaiagroup.com\/wp-content\/uploads\/2024\/04\/childrens-missions3-308x234.jpg 308w, https:\/\/www.biogaiagroup.com\/wp-content\/uploads\/2024\/04\/childrens-missions3-344x261.jpg 344w, https:\/\/www.biogaiagroup.com\/wp-content\/uploads\/2024\/04\/childrens-missions3-188x143.jpg 188w, https:\/\/www.biogaiagroup.com\/wp-content\/uploads\/2024\/04\/childrens-missions3.jpg 500w\" sizes=\"auto, (max-width: 424px) 100vw, 424px\" \/>\t\t\t\t\t\t\t\t\t<\/figure>\n\t\t\t\t\t\t\t\t\t\t\t\t\t\t\t\t<div class=\"card__content\">\n                                    <a class=\"card__link\" href=\"https:\/\/www.biogaiagroup.com\/sv\/hallbarhet\/samhallsengagemang\/childrens-mission\">\n                                        <h2 class=\"card__title h5\">Children\u2019s Mission<\/h2>                                    <\/a>\n                                    <span class=\"card__arrow\">\n\t\t\t\t\t\t\t\t\t\t<i class=\"fa-regular fa-angle-right\"><\/i>\n\t\t\t\t\t\t\t\t\t<\/span>\n\t\t\t\t\t\t\t\t\t<div class=\"card__text\"><p>BioGaia st\u00f6djer Children\u2019s Mission i deras arbete med fattiga barn och familjer p\u00e5 Filippinerna. Children\u2019s Mission driver skolor, erbjuder barn m\u00f6j\u00adlighet till utbildning, sjukv\u00e5rd och driver barnhem samt f\u00f6rs\u00f6rjningsprogram.<\/p>\n<\/div>\t\t\t\t\t\t\t\t<\/div>\n\t\t\t\t\t\t\t<\/div>\n\t\t\t\t\t\t\t\t\t\t\t<\/div>\n\t\t\t\t\t\t\t\t\t\t\t\t\t\t<div class=\"row__col row__col--12 row__col--md-6 row__col--xl-4\">\n\t\t\t\t\t\t\t\t\t\t\t\t\t<div class=\"card card--large\">\n\t\t\t\t\t\t\t\t\t\t\t\t\t\t\t\t\t<figure class=\"card__image\">\n\t\t\t\t\t\t\t\t\t\t<img loading=\"lazy\" decoding=\"async\" width=\"424\" height=\"175\" src=\"https:\/\/www.biogaiagroup.com\/wp-content\/uploads\/2024\/04\/zero-mission-environment-e1712642704933-424x175.jpg\" class=\"attachment-link-card-large size-link-card-large\" alt=\"\" srcset=\"https:\/\/www.biogaiagroup.com\/wp-content\/uploads\/2024\/04\/zero-mission-environment-e1712642704933-424x175.jpg 424w, https:\/\/www.biogaiagroup.com\/wp-content\/uploads\/2024\/04\/zero-mission-environment-e1712642704933-1536x632.jpg 1536w, https:\/\/www.biogaiagroup.com\/wp-content\/uploads\/2024\/04\/zero-mission-environment-e1712642704933-308x127.jpg 308w, https:\/\/www.biogaiagroup.com\/wp-content\/uploads\/2024\/04\/zero-mission-environment-e1712642704933-344x142.jpg 344w, https:\/\/www.biogaiagroup.com\/wp-content\/uploads\/2024\/04\/zero-mission-environment-e1712642704933-188x77.jpg 188w, https:\/\/www.biogaiagroup.com\/wp-content\/uploads\/2024\/04\/zero-mission-environment-e1712642704933-300x123.jpg 300w, https:\/\/www.biogaiagroup.com\/wp-content\/uploads\/2024\/04\/zero-mission-environment-e1712642704933-768x316.jpg 768w, https:\/\/www.biogaiagroup.com\/wp-content\/uploads\/2024\/04\/zero-mission-environment-e1712642704933-1024x422.jpg 1024w, https:\/\/www.biogaiagroup.com\/wp-content\/uploads\/2024\/04\/zero-mission-environment-e1712642704933.jpg 2048w\" sizes=\"auto, (max-width: 424px) 100vw, 424px\" \/>\t\t\t\t\t\t\t\t\t<\/figure>\n\t\t\t\t\t\t\t\t\t\t\t\t\t\t\t\t<div class=\"card__content\">\n                                    <a class=\"card__link\" href=\"https:\/\/www.biogaiagroup.com\/sv\/hallbarhet\/samhallsengagemang\/climate-transformation-fund\">\n                                        <h2 class=\"card__title h5\">Climate Transformation Fund<\/h2>                                    <\/a>\n                                    <span class=\"card__arrow\">\n\t\t\t\t\t\t\t\t\t\t<i class=\"fa-regular fa-angle-right\"><\/i>\n\t\t\t\t\t\t\t\t\t<\/span>\n\t\t\t\t\t\t\t\t\t<div class=\"card__text\"><p>BioGaia har under 2022 beslutat att st\u00f6dja Climate Transformation Fund i syfte att f\u00f6rs\u00f6ka maximera p\u00e5verkan av v\u00e5ra klimatinvesteringar.<\/p>\n<\/div>\t\t\t\t\t\t\t\t<\/div>\n\t\t\t\t\t\t\t<\/div>\n\t\t\t\t\t\t\t\t\t\t\t<\/div>\n\t\t\t\t\t\t\t<\/div>\n\t\t\t<\/div>\n<\/section>","protected":false},"excerpt":{"rendered":"","protected":false},"author":1,"featured_media":0,"parent":7966,"menu_order":0,"comment_status":"closed","ping_status":"closed","template":"","meta":{"_acf_changed":false,"_seopress_robots_primary_cat":"","_seopress_titles_title":"Panzi hospital - BioGaia Group","_seopress_titles_desc":"Genom organisationen Friends of Panzi st\u00f6djer vi doktor Denis Mukwege och hans viktiga arbete vid Panzisjukhuset i demokratiska republiken Kongo.","_seopress_robots_index":"","footnotes":""},"class_list":["post-7972","page","type-page","status-publish","hentry"],"acf":[],"_links":{"self":[{"href":"https:\/\/www.biogaiagroup.com\/sv\/wp-json\/wp\/v2\/pages\/7972","targetHints":{"allow":["GET"]}}],"collection":[{"href":"https:\/\/www.biogaiagroup.com\/sv\/wp-json\/wp\/v2\/pages"}],"about":[{"href":"https:\/\/www.biogaiagroup.com\/sv\/wp-json\/wp\/v2\/types\/page"}],"author":[{"embeddable":true,"href":"https:\/\/www.biogaiagroup.com\/sv\/wp-json\/wp\/v2\/users\/1"}],"replies":[{"embeddable":true,"href":"https:\/\/www.biogaiagroup.com\/sv\/wp-json\/wp\/v2\/comments?post=7972"}],"version-history":[{"count":6,"href":"https:\/\/www.biogaiagroup.com\/sv\/wp-json\/wp\/v2\/pages\/7972\/revisions"}],"predecessor-version":[{"id":15024,"href":"https:\/\/www.biogaiagroup.com\/sv\/wp-json\/wp\/v2\/pages\/7972\/revisions\/15024"}],"up":[{"embeddable":true,"href":"https:\/\/www.biogaiagroup.com\/sv\/wp-json\/wp\/v2\/pages\/7966"}],"wp:attachment":[{"href":"https:\/\/www.biogaiagroup.com\/sv\/wp-json\/wp\/v2\/media?parent=7972"}],"curies":[{"name":"wp","href":"https:\/\/api.w.org\/{rel}","templated":true}]}}